{"id":22,"date":"2011-03-01T21:42:04","date_gmt":"2011-03-01T21:42:04","guid":{"rendered":"http:\/\/localhost\/jerrytown\/?page_id=22"},"modified":"2018-06-06T15:00:34","modified_gmt":"2018-06-06T15:00:34","slug":"a-z","status":"publish","type":"page","link":"https:\/\/jerry-town.de\/?page_id=22","title":{"rendered":"Jerry-Town von A bis Z"},"content":{"rendered":"<p style=\"text-align: center;\"><strong>Herzlich willkommen hinter den Toren von Jerry Town<br \/>\n<\/strong><\/p>\n<p style=\"text-align: center;\"><strong>vom 13. bis 17. August 2018<\/strong><\/p>\n<p>&nbsp;<\/p>\n<p>Jerry Town ist die Stadt f\u00fcr Kinder, veranstaltet von der STADT RENDSBURG, hier k\u00f6nnen sich 8 bis 12j\u00e4hrige Kinder aus Rendsburg und Umgebung auf spielerische Art mit den Abl\u00e4ufen und Strukturen einer Stadt auseinandersetzen und die Stra\u00dfen, Gesch\u00e4fte und \u00c4mter mit eigenen Ideen zum Leben erwecken.<\/p>\n<p>Genau wie in einer richtigen Stadt gibt es dort die verschiedensten Heraus-forderungen in Politik, Wirtschaft und Gesellschaft.<\/p>\n<p>Die Kinder haben die M\u00f6glichkeit mit ihrer Kreativit\u00e4t, Erfahrung und Intuition eigene L\u00f6sungen zu finden und diese zu erproben.<\/p>\n<p>Jedes Kind erh\u00e4lt am ersten Tag ein steuerfreies Startkapital von 5 Jerrys, Ausweis, sowie alle weiteren notwendigen Papiere und Information beim ersten Eintritt in die Stadt.<\/p>\n<p>B\u00fcrgermeisterkandidaten\/Innen k\u00f6nnen sich am ersten Tag um das Amt bewerben. Bewerbungen erfolgen am 1. Tag.<\/p>\n<p>BewerberInnen melden sich bitte sofort nach der Anmeldung im Wahlb\u00fcro.<\/p>\n<p>Bei erfolgter Anmeldung gehen wir davon aus Bilder Ihres Kindes ver\u00f6ffentlichen zu d\u00fcrfen.<\/p>\n<p>Wir gehen bei erfolgter Anmeldung davon aus, dass ihr Kind krankenversichert ist.<\/p>\n<p>Die Auszahlung der L\u00f6hne erfolgt nach getaner Arbeit bei unserer Sparkasse entweder in bar oder bargeldlos auf das eigene Konto.<\/p>\n<p>Die Lohnsteuer betr\u00e4gt 3 Jerrys pro Arbeitsstunde und wird von der Bank bei der Lohnauszahlung einbehalten und an die Stadtkasse abgef\u00fchrt.<\/p>\n<p>Der Krankenkassenbeitrag betr\u00e4gt 1 Jerry.<\/p>\n<p>Die Gewerbesteuer von 15 % wird den Betrieben von den Einnahmen abgezogen.<\/p>\n<p>Ebenso der Arbeitgeberanteil f\u00fcr die Krankenkasse in H\u00f6he von 10 %.<\/p>\n<p>Kostenbeitr\u00e4ge f\u00fcr notwendigen Strom und Wasser sind ebenfalls zu entrichten.<\/p>\n<p>Von den Steuergeldern werden z.B.die Kosten f\u00fcr Gemeinderat, B\u00fcrgermeisterIn, Arbeitsagentur, M\u00fcllabfuhr, Stra\u00dfenunterhaltung, Gr\u00fcnpflege, B\u00fccherei, Kulturarbeit und die Polizei bestritten.<\/p>\n<p>Aus den Beitr\u00e4gen f\u00fcr die Krankenkasse wird das Krankenhaus finanziert.<\/p>\n<p>Die Bewerbung um die Arbeitspl\u00e4tze erfolgt t\u00e4glich bei der Agentur f\u00fcr Arbeit.<\/p>\n<p>Bewohner k\u00f6nnen sich mit ihrer Gesch\u00e4ftsidee selbst\u00e4ndig machen.<\/p>\n<p>Hierzu k\u00f6nnen sie einen Kredit bei der Sparkasse nach erfolgter Pr\u00fcfung der Gesch\u00e4ftsidee durch das Rathaus und den \u00c4ltestenrat erhalten.<\/p>\n<p>Mittagessen wird Montag bis Donnerstag in der Zeit von ca. 12:30 \u2013 13:15 Uhr angeboten. Die Mitarbeiter gehen mit ihrer jeweiligen Gruppe zum gemeinsamen Essen.<\/p>\n<p>Getr\u00e4nke und Snacks k\u00f6nnen im eigenen Supermarkt oder dem Restaurant f\u00fcr Jerrys gekauft werden.<\/p>\n<p>F\u00fcr die Teilnahme ist f\u00fcr jedes Kind ein Beitrag von 90.- \u20ac zu entrichten.<\/p>\n<p>&nbsp;<\/p>\n<p style=\"text-align: center;\">Veranstalter ist die Stadt Rendsburg<\/p>\n<p style=\"text-align: center;\"><a style=\"margin-bottom: 30px;\" href=\"http:\/\/www.rendsburg.de\/\"><img decoding=\"async\" src=\"https:\/\/jerry-town.de\/wp-content\/uploads\/2011\/03\/rendsburg.png\" alt=\"\" \/><\/a><\/p>\n","protected":false},"excerpt":{"rendered":"<p>Herzlich willkommen hinter den Toren von Jerry Town vom 13. bis 17. August 2018 &nbsp; Jerry Town ist die Stadt f\u00fcr Kinder, veranstaltet von der STADT RENDSBURG, hier k\u00f6nnen sich 8 bis 12j\u00e4hrige Kinder aus Rendsburg und Umgebung auf spielerische &hellip; <a href=\"https:\/\/jerry-town.de\/?page_id=22\">Continue reading <span class=\"meta-nav\">&rarr;<\/span><\/a><\/p>\n","protected":false},"author":1,"featured_media":0,"parent":0,"menu_order":0,"comment_status":"closed","ping_status":"open","template":"","meta":{"ngg_post_thumbnail":0,"footnotes":""},"class_list":["post-22","page","type-page","status-publish","hentry"],"_links":{"self":[{"href":"https:\/\/jerry-town.de\/index.php?rest_route=\/wp\/v2\/pages\/22","targetHints":{"allow":["GET"]}}],"collection":[{"href":"https:\/\/jerry-town.de\/index.php?rest_route=\/wp\/v2\/pages"}],"about":[{"href":"https:\/\/jerry-town.de\/index.php?rest_route=\/wp\/v2\/types\/page"}],"author":[{"embeddable":true,"href":"https:\/\/jerry-town.de\/index.php?rest_route=\/wp\/v2\/users\/1"}],"replies":[{"embeddable":true,"href":"https:\/\/jerry-town.de\/index.php?rest_route=%2Fwp%2Fv2%2Fcomments&post=22"}],"version-history":[{"count":20,"href":"https:\/\/jerry-town.de\/index.php?rest_route=\/wp\/v2\/pages\/22\/revisions"}],"predecessor-version":[{"id":965,"href":"https:\/\/jerry-town.de\/index.php?rest_route=\/wp\/v2\/pages\/22\/revisions\/965"}],"wp:attachment":[{"href":"https:\/\/jerry-town.de\/index.php?rest_route=%2Fwp%2Fv2%2Fmedia&parent=22"}],"curies":[{"name":"wp","href":"https:\/\/api.w.org\/{rel}","templated":true}]}}