{"id":925,"date":"2018-05-08T18:05:38","date_gmt":"2018-05-08T18:05:38","guid":{"rendered":"http:\/\/jerry-town.de\/?page_id=925"},"modified":"2018-05-08T18:14:56","modified_gmt":"2018-05-08T18:14:56","slug":"datenschutz","status":"publish","type":"page","link":"https:\/\/jerry-town.de\/?page_id=925","title":{"rendered":"Datenschutzerkl\u00e4rung"},"content":{"rendered":"<p>DATENSCHUTZERKL\u00c4RUNG<\/p>\n<p>Diese Datenschutzerkl\u00e4rung informiert dar\u00fcber, welche Art von Daten zu welchem Zweck \u00fcber unsere Webseiten erfasst werden. Verantwortlich f\u00fcr die Verarbeitung und den Schutz aller personenbezogenen Daten sind die im Impressum genannten Vertretungsberechtigten des Vereins. Rechtsgrundlage sind das Bundesdatenschutzgesetz (BDSG), die EU-Datenschutzgrundverordnung (EU-DSGVO) und das Telemediengesetz (TMG).<\/p>\n<ol>\n<li>Daten\u00fcbermittlung \/Datenprotokollierung<\/li>\n<\/ol>\n<p>Beim Besuch einer Webseite verzeichnet der Web-Server in der Regel automatisch Log-Files, die keiner bestimmten Person zugeordnet werden k\u00f6nnen. Diese Daten beinhalten z. B. den Browsertyp und -version, verwendetes Betriebssystem, Referrer URL (die zuvor besuchte Seite), IP-Adresse des anfragenden Rechners, Zugriffsdatum und -uhrzeit der Serveranfrage und die Dateianfrage des Client (Dateiname und URL). Diese Daten werden vom Betreiber des Web-Servers (Web-Hoster) nur zum Zweck der statistischen Auswertung gesammelt. Eine Weitergabe an Dritte, zu kommerziellen oder nichtkommerziellen Zwecken, findet nicht statt.<\/p>\n<p>In unsere Webseiten sind insbesondere auch keine Analysedienste (Google Analytics o.a.) oder sog. Social-Media Plugins (Facebook, Twitter etc.) integriert, die den Zugriff auf unsere Seiten registrieren und weiterverarbeiten.<\/p>\n<ol start=\"2\">\n<li>Nutzung pers\u00f6nlicher Daten<\/li>\n<\/ol>\n<p>Pers\u00f6nliche Daten werden nur erhoben oder verarbeitet, wenn Sie diese Angaben freiwillig, z.B. im Rahmen einer Anfrage \u00fcber das Kontaktformular mitteilen. Ihre Daten werden nicht an Dritte weitergeben, es sei denn, eine Weitergabe w\u00e4re aufgrund gesetzlicher Vorschriften erforderlich. Die Daten werden nur gespeichert, wenn und solange dies im Rahmen der Vereinsverwaltung oder f\u00fcr die Durchf\u00fchrung einer Veranstaltung erforderlich ist.<\/p>\n<ol start=\"3\">\n<li>Auskunft, \u00c4nderung und L\u00f6schung Ihrer Daten<\/li>\n<\/ol>\n<p>Gem\u00e4\u00df geltendem Recht k\u00f6nnen Sie jederzeit bei uns nachfragen, ob und welche personenbezogenen Daten bei uns \u00fcber Sie gespeichert sind. Eine entsprechende Mitteilung hierzu erhalten Sie umgehend. Wenn Sie uns eine Einwilligung zur Nutzung ihrer Daten gegeben haben, k\u00f6nnen Sie diese Einwilligung jederzeit widerrufen. Ein Widerruf gilt jedoch nicht r\u00fcckwirkend und ber\u00fchrt nicht die Rechtm\u00e4\u00dfigkeit der bis dahin erfolgten Verarbeitung.<\/p>\n<ol start=\"4\">\n<li>Beschwerderecht<\/li>\n<\/ol>\n<p>Wenn Sie den Eindruck haben, dass die Speicherung oder Verarbeitung Ihrer Daten nicht rechtm\u00e4\u00dfig ist, k\u00f6nnen Sie jederzeit bei der zust\u00e4ndigen Aufsichtsbeh\u00f6rde eine Beschwerde einreichen. Die f\u00fcr uns zust\u00e4ndige Stelle ist: Unabh\u00e4ngiges Landeszentrum f\u00fcr Datenschutz Schleswig-Holstein.<\/p>\n<ol start=\"5\">\n<li>Sicherheit Ihrer Daten<\/li>\n<\/ol>\n<p>Ihre uns zur Verf\u00fcgung gestellten pers\u00f6nlichen Daten werden durch Ergreifung aller technischen sowie organisatorischen Sicherheitsma\u00dfnahmen so gesichert, dass sie f\u00fcr den Zugriff unberechtigter Dritter unzug\u00e4nglich sind.<\/p>\n<ol start=\"6\">\n<li>Cookies<\/li>\n<\/ol>\n<p>In sog. Cookies kann eine Webseite Informationen auf Ihrem Computer speichern, die sie beim n\u00e4chsten Besuch wieder abrufen kann. Die meisten Browser sind so eingestellt, dass sie Cookies automatisch akzeptieren. Sie k\u00f6nnen das Speichern von Cookies jedoch deaktivieren oder ihren Browser so einstellen, dass er Sie auf die Sendung von Cookies hinweist. Wir verwenden keine Cookies auf unseren Webseiten. In allen anderen F\u00e4llen wird explizit auf die Cookies hingewiesen.<\/p>\n<ol start=\"7\">\n<li>\u00c4nderungen dieser Datenschutzerkl\u00e4rung<\/li>\n<\/ol>\n<p>Sollten sich relevante \u00c4nderungen auf unseren Webseiten oder in der Rechtslage ergeben werden wir diesen Text unverz\u00fcglich aktualisieren. Mit der Nutzung der Webseite erkl\u00e4ren Sie sich mit den Bedingungen dieser Richtlinien zum Schutz pers\u00f6nlicher Daten einverstanden.<\/p>\n<p>Bei Fragen zu diesen Datenschutzbestimmungen wenden Sie sich bitte \u00fcber unsere Kontakt-Seite an uns.<\/p>\n","protected":false},"excerpt":{"rendered":"<p>DATENSCHUTZERKL\u00c4RUNG Diese Datenschutzerkl\u00e4rung informiert dar\u00fcber, welche Art von Daten zu welchem Zweck \u00fcber unsere Webseiten erfasst werden. Verantwortlich f\u00fcr die Verarbeitung und den Schutz aller personenbezogenen Daten sind die im Impressum genannten Vertretungsberechtigten des Vereins. Rechtsgrundlage sind das Bundesdatenschutzgesetz (BDSG), &hellip; <a href=\"https:\/\/jerry-town.de\/?page_id=925\">Continue reading <span class=\"meta-nav\">&rarr;<\/span><\/a><\/p>\n","protected":false},"author":7,"featured_media":0,"parent":0,"menu_order":0,"comment_status":"closed","ping_status":"closed","template":"","meta":{"ngg_post_thumbnail":0,"footnotes":""},"class_list":["post-925","page","type-page","status-publish","hentry"],"_links":{"self":[{"href":"https:\/\/jerry-town.de\/index.php?rest_route=\/wp\/v2\/pages\/925","targetHints":{"allow":["GET"]}}],"collection":[{"href":"https:\/\/jerry-town.de\/index.php?rest_route=\/wp\/v2\/pages"}],"about":[{"href":"https:\/\/jerry-town.de\/index.php?rest_route=\/wp\/v2\/types\/page"}],"author":[{"embeddable":true,"href":"https:\/\/jerry-town.de\/index.php?rest_route=\/wp\/v2\/users\/7"}],"replies":[{"embeddable":true,"href":"https:\/\/jerry-town.de\/index.php?rest_route=%2Fwp%2Fv2%2Fcomments&post=925"}],"version-history":[{"count":3,"href":"https:\/\/jerry-town.de\/index.php?rest_route=\/wp\/v2\/pages\/925\/revisions"}],"predecessor-version":[{"id":929,"href":"https:\/\/jerry-town.de\/index.php?rest_route=\/wp\/v2\/pages\/925\/revisions\/929"}],"wp:attachment":[{"href":"https:\/\/jerry-town.de\/index.php?rest_route=%2Fwp%2Fv2%2Fmedia&parent=925"}],"curies":[{"name":"wp","href":"https:\/\/api.w.org\/{rel}","templated":true}]}}